{"id":292559,"date":"2025-05-09T12:02:33","date_gmt":"2025-05-09T12:02:33","guid":{"rendered":"https:\/\/www.unipi.it\/about-us\/quality-and-assessment\/normativa-nazionale-in-tema-di-accreditamento-e-valutazione\/"},"modified":"2025-11-17T13:28:26","modified_gmt":"2025-11-17T12:28:26","slug":"normativa-nazionale-in-tema-di-accreditamento-e-valutazione","status":"publish","type":"page","link":"https:\/\/www.unipi.it\/en\/about-us\/quality-and-assessment\/normativa-nazionale-in-tema-di-accreditamento-e-valutazione\/","title":{"rendered":"Normativa nazionale in tema di accreditamento e valutazione"},"content":{"rendered":"<div class=\"b53 accordion \" id=\"accordion-1\">\t\t\n\t\t<div class=\"b53 accordion-item\">\n\t\t\t<h3 class=\"b53 accordion-header\" id=\"accordion-1-t1\">\n\t\t\t\t<button class=\"b53 accordion-button collapsed  text-wrap\"\n\t\t\t\t\ttype=\"button\"\n\t\t\t\t\tdata-bs-toggle=\"collapse\"\n\t\t\t\t\tdata-bs-target=\"#accordion-1-c1\"\n\t\t\t\t\taria-expanded=\"false\"\n\t\t\t\t\taria-controls=\"accordion-1-t1\">\n\t\t\t\t\t<span class=\"b53-accordion-text\">Accreditamento<\/span>\n\t\t\t\t<\/button>\n\t\t\t<\/h3>\n\t\t\t<div id=\"accordion-1-c1\" class=\"b53 accordion-collapse collapse\"\n\t\t\t\taria-labelledby=\"accordion-1-t1\"\n\t\t\t\tdata-bs-parent=\"#accordion-1\">\n\t\t\t\t<div class=\"b53 accordion-body\">\n\t\t\t\t\t<\/p>\n<ul class=\"wp-block-list list-style-type: square;\">\n<li><a href=\"https:\/\/www.mur.gov.it\/sites\/default\/files\/2023-07\/Decreto%20Ministerale%20n.%20995%20del%2028-07-2023.pdf\"><b>Decreto Ministeriale n. 995 del 28 luglio 2023<\/b><\/a><\/li>\n<li><a href=\"https:\/\/www.mur.gov.it\/sites\/default\/files\/2023-06\/Decreto%20Ministeriale%20n.%20802%20del%2028-06-2023.pdf\"><b>Decreto Ministeriale n. 802 del 28 giugno 2023<\/b><\/a> Ai fini di un&#8217;integrazione del potenziale formativo, incremento della numerosit\u00e0 massima di studenti prevista dall&#8217;Allegato D del D.M. n.1154\/2021<\/li>\n<li><a href=\"https:\/\/www.mur.gov.it\/sites\/default\/files\/2021-11\/Decreto%20Direttoriale%20n.2711%20del%2022-11-2021.pdf\"><b>Decreto Direttoriale n. 2711 del 22 novembre 2021<\/b><\/a> Indicazioni operative per l\u2019accreditamento dei Corsi di Studio a.a. 2022\/2023 (RAD &#8211; SUA-CdS) ex articolo 9, comma 2, del D.M. n. 1154\/2021.<\/li>\n<li><a href=\"https:\/\/www.mur.gov.it\/sites\/default\/files\/2021-10\/Decreto%20ministeriale%20n.1154%20del%2014-10-2021.pdf\"><b>Decreto Ministeriale n. 1154 del 14 ottobre 2021<\/b><\/a> Autovalutazione, valutazione, accreditamento iniziale e periodico delle sedi e dei corsi di studio<\/li>\n<li><a href=\"https:\/\/www.mur.gov.it\/sites\/default\/files\/2021-04\/Decreto%20Ministeriale%20n.289%20del%2025-03-2021.pdf\"><b>Decreto Ministeriale n. 289 del 25 marzo 2021<\/b><\/a> Linee generali d\u2019indirizzo della programmazione delle universit\u00e0 2021-2023 e indicatori per la valutazione periodica dei risultati<\/li>\n<li><a href=\"\/index.php\/phoca-prova\/category\/428-qualita-e-valutazione?download=5726:dm8-8gennaio2021\"><b>Decreto Ministeriale n. 8 dell&#8217;8 gennaio 2021<\/b><\/a> Modifiche al DM n.6 del 7 gennaio 2019 relativo alla \u201cAutovalutazione, accreditamento iniziale e periodico delle sedi e dei corsi di studio e valutazione periodica\u201d<\/li>\n<li><a href=\"https:\/\/www.miur.gov.it\/web\/guest\/-\/decreto-ministeriale-n-435-del-6-agosto-2020-relativo-all-integrazione-delle-linee-generali-di-indirizzo-per-il-triennio-2019-2021\"><b>Decreto Ministeriale n. 435 del 6 agosto 2020<\/b><\/a> Integrazione delle Linee Generali di indirizzo della programmazione delle universit\u00e0 2019-2021<\/li>\n<li><a href=\"https:\/\/www.miur.gov.it\/web\/guest\/-\/decreto-ministeriale-n-989-del-25-10-2019-relativo-alle-linee-generali-di-indirizzo-della-programmazione-delle-universita-2019-2021\"><b>Decreto Ministeriale n. 989 del 25 ottobre 2019<\/b><\/a> Linee Generali di indirizzo della programmazione delle universit\u00e0 2019-2021<\/li>\n<li><strong><a href=\"https:\/\/www.anvur.it\/wp-content\/uploads\/2019\/02\/DM-n.-6-del-7-gennaio-2019-versione-accessibile.pdf\">Decreto Ministeriale n. 6 del 7 gennaio 2019<\/a><\/strong> Decreto Autovalutazione, Valutazione, Accreditamento iniziale e periodico delle sedi e dei corsi di studio<\/li>\n<li><a href=\"http:\/\/attiministeriali.miur.it\/media\/302307\/dm_60.pdf\"><b>Decreto Ministeriale n. 60 dell&#8217;8 febbraio 2017<\/b><\/a> Modifiche ai requisiti di accreditamento ai Corsi universitari<\/li>\n<li><a href=\"http:\/\/attiministeriali.miur.it\/media\/299066\/dm_987_2016.pdf\"><b>Decreto Ministeriale n. 987 del 12 dicembre 2016<\/b><\/a> Autovalutazione, valutazione, accreditamento iniziale e periodico delle sedi e dei corsi di studio universitari<\/li>\n<li><a href=\"http:\/\/www.miur.gov.it\/documents\/20182\/0\/DM+2016+08+08+n635\/5e9d8e06-0228-444f-bf50-3df1a3aa7b70?version=1.0\"><b>Decreto Ministeriale n.635 dell&#8217;8 agosto 2016<\/b><\/a> Linee generali d\u2019indirizzo della programmazione delle Universit\u00e0 2016-2018 e indicatori per la valutazione periodica dei risultati<\/li>\n<li><a href=\"http:\/\/attiministeriali.miur.it\/anno-2016\/marzo\/dm-18032016.aspx\"><strong>Decreto Ministeriale n. 168 del 18 marzo 2016<\/strong><\/a> Modifica dei requisiti di docenza per le Universit\u00e0 non statali<\/li>\n<li><strong><a href=\"http:\/\/attiministeriali.miur.it\/anno-2015\/marzo\/dm-27032015.aspx\">Decreto Ministeriale n. 194 del 27 marzo 2015<\/a><\/strong> Requisiti accreditamento corsi di studio<\/li>\n<li><strong><a href=\"http:\/\/www.anvur.it\/wp-content\/uploads\/2018\/04\/DM_05_06_2013_n439.pdf\">Decreto Ministeriale n. 439 del 6 giugno 2013<\/a><\/strong> Accreditamento iniziale e periodico delle Scuole Superiore a Ordinamento Speciale<\/li>\n<li><a href=\"http:\/\/www.anvur.it\/attachments\/article\/26\/4.%20DM%201059_2013.pdf\"><b>Decreto Ministeriale n. 1059 del 23 dicembre 2013<\/b><\/a> Autovalutazione, accreditamento iniziale e periodico delle sedi e dei corsi di studio e valutazione periodica. Adeguamenti e integrazioni al DM 30 gennaio 2013, n.47<\/li>\n<li><a href=\"http:\/\/www.anvur.it\/attachments\/article\/25\/dm_47_30_gennaio_2013_con_allegati.pdf\"><b>Decreto Ministeriale n. 47 del 30 gennaio 2013<\/b><\/a> Decreto autovalutazione, accreditamento iniziale e periodico delle sedi e dei corsi di studio e valutazione periodica\u00a0(<strong>abrogato<\/strong>\u00a0dal\u00a0<a href=\"http:\/\/attiministeriali.miur.it\/anno-2016\/dicembre\/dm-12122016.aspx\">Decreto Ministeriale n. 987 del 12 dicembre 2016<\/a>)<\/li>\n<li><a href=\"http:\/\/www.gazzettaufficiale.it\/eli\/id\/2012\/05\/31\/012G0088\/sg\"><strong>Decreto Legislativo n. 68 del 29 marzo 2012<\/strong><\/a> Revisione della normativa di principio in materia di diritto allo studio e valorizzazione dei collegi universitari legalmente riconosciuti, in attuazione della delega prevista dall\u2019articolo 5, comma 1, lettere a), secondo periodo, e d), della legge 30 dicembre 2010, n. 240, e secondo i principi e i criteri direttivi stabiliti al comma 3, lettera f), e al comma 6.<\/li>\n<li><a href=\"http:\/\/www.normattiva.it\/uri-res\/N2Ls?urn:nir:stato:decreto.legislativo:2012-01-27;19\"><b>Decreto Legislativo n. 19 del 27 gennaio 2012<\/b><\/a> Valorizzazione dell&#8217;efficienza delle universit\u00e0 e conseguente introduzione di meccanismi premiali nella distribuzione di risorse pubbliche sulla base di criteri definiti ex ante anche mediante la previsione di un sistema di accreditamento periodico delle universit\u00e0 e la valorizzazione della figura dei ricercatori a tempo indeterminato non confermati al primo anno di attivit\u00e0, a norma dell&#8217;articolo 5, comma 1, lettera a), della legge 30 dicembre 2010, n. 240.<\/li>\n<li><a href=\"http:\/\/www.anvur.it\/wp-content\/uploads\/2017\/04\/gazzetta-anvur.pdf\"><strong>Decreto del Presidente della Repubblica n. 76 del 1\u00b0 febbraio 2010<\/strong><\/a> Regolamento concernente la struttura ed il funzionamento dell&#8217;Agenzia nazionale di valutazione del sistema universitario e della ricerca (ANVUR), adottato ai sensi dell&#8217;articolo 2, comma 140, del decreto-legge 3 ottobre 2006, n. 262, convertito, con modificazioni, dalla legge 24 novembre 2006, n. 286.<\/li>\n<li><a href=\"http:\/\/www.normattiva.it\/uri-res\/N2Ls?urn:nir:stato:legge:2010-12-30;240\"><b>Legge n. 240 del 30 dicembre 2010<\/b><\/a> Norme in materia di organizzazione delle universit\u00e0, di personale accademico e reclutamento, nonch\u00e8 delega al Governo per incentivare la qualit\u00e0 e l&#8217;efficienza del sistema universitario.<\/li>\n<\/ul>\n<p>\t\t\t\t<\/div>\n\t\t\t<\/div>\n\t\t<\/div>\n\n\t\t<br \/>\n\t\t\n\t\t<div class=\"b53 accordion-item\">\n\t\t\t<h3 class=\"b53 accordion-header\" id=\"accordion-1-t2\">\n\t\t\t\t<button class=\"b53 accordion-button collapsed  text-wrap\"\n\t\t\t\t\ttype=\"button\"\n\t\t\t\t\tdata-bs-toggle=\"collapse\"\n\t\t\t\t\tdata-bs-target=\"#accordion-1-c2\"\n\t\t\t\t\taria-expanded=\"false\"\n\t\t\t\t\taria-controls=\"accordion-1-t2\">\n\t\t\t\t\t<span class=\"b53-accordion-text\">Nucleo di Valutazione<\/span>\n\t\t\t\t<\/button>\n\t\t\t<\/h3>\n\t\t\t<div id=\"accordion-1-c2\" class=\"b53 accordion-collapse collapse\"\n\t\t\t\taria-labelledby=\"accordion-1-t2\"\n\t\t\t\tdata-bs-parent=\"#accordion-1\">\n\t\t\t\t<div class=\"b53 accordion-body\">\n\t\t\t\t\t<\/p>\n<ul style=\"list-style-type: square;\">\n<li style=\"list-style-type: none;\">\n<ul style=\"list-style-type: square;\">\n<li><strong><a href=\"http:\/\/www.normattiva.it\/uri-res\/N2Ls?urn:nir:stato:legge:1993-12-24;537~art5\">Legge n. 537 del 24 dicembre 1993<\/a><\/strong> Interventi correttivi di finanza pubblica.<br \/>\n<i>Art. 5 &#8211; Universit\u00e0<\/i><\/li>\n<li><strong><a href=\"http:\/\/www.normattiva.it\/uri-res\/N2Ls?urn:nir:stato:decreto.legislativo:1999-07-30;286\">Decreto Legislativo n. 286 del 30 luglio 1999<\/a><\/strong> Riordino e potenziamento dei meccanismi e strumenti di monitoraggio e valutazione dei costi, dei rendimenti e dei risultati dell&#8217;attivit\u00e0 svolta dalle amministrazioni pubbliche, a norma dell&#8217;articolo 11 della legge 15 marzo 1997, n. 59.<\/li>\n<li><strong><a href=\"http:\/\/www.normattiva.it\/uri-res\/N2Ls?urn:nir:stato:legge:1999-10-19;370\">Legge n. 370 del 19 ottobre 1999<\/a><\/strong> Disposizioni in materia di universit\u00e0 e di ricerca scientifica e tecnologica.<\/li>\n<li><a href=\"http:\/\/www.normattiva.it\/uri-res\/N2Ls?urn:nir:stato:decreto.legislativo:2009-10-27;150\"><strong>Decreto Legislativo n. 150 del 27 ottobre 2009<\/strong><\/a> Attuazione della legge 4 marzo 2009, n. 15, in materia di ottimizzazione della produttivit\u00e0 del lavoro pubblico e di efficienza e trasparenza delle pubbliche amministrazioni.<\/li>\n<li><strong><a href=\"http:\/\/www.anticorruzione.it\/portal\/public\/classic\/AttivitaAutorita\/AttiDellAutorita\/_Atto?id=ecd1ae2b0a778042335161547930ddf6\">Delibera n. 9 dell&#8217;11 marzo 2010<\/a><\/strong> In tema di applicabilit\u00e0 del decreto legislativo n. 150\/2009 alle Universit\u00e0<\/li>\n<li><strong><a href=\"http:\/\/www.normattiva.it\/uri-res\/N2Ls?urn:nir:stato:legge:2010-12-30;240\">Legge n. 240 del 30 dicembre 2010<\/a><\/strong> Norme in materia di organizzazione delle universit\u00e0, di personale accademico e reclutamento, nonche&#8217; delega al Governo per incentivare la qualit\u00e0 e l&#8217;efficienza del sistema universitario.<\/li>\n<li><a href=\"http:\/\/www.normattiva.it\/uri-res\/N2Ls?urn:nir:stato:decreto.legislativo:2017-05-25;74~art11\"><strong>Decreto Legislativo n. 74 del 25 maggio 2017<\/strong><\/a> Modifiche al decreto legislativo 27 ottobre 2009, n. 150, in attuazione dell&#8217;articolo 17, comma 1, lettera r), della legge 7 agosto 2015, n. 124.<br \/>\n<i>Art.11 &#8211; Modifiche all&#8217;articolo 14 del decreto legislativo n. 150 del 2009<\/i><\/li>\n<\/ul>\n<\/li>\n<\/ul>\n<p>\t\t\t\t<\/div>\n\t\t\t<\/div>\n\t\t<\/div>\n\n\t\t<\/div>\n","protected":false},"excerpt":{"rendered":"","protected":false},"author":43,"featured_media":0,"parent":291956,"menu_order":10,"comment_status":"closed","ping_status":"closed","template":"default-template.php","meta":{"footnotes":""},"class_list":["post-292559","page","type-page","status-publish","hentry"],"yoast_head":"<!-- This site is optimized with the Yoast SEO plugin v27.0 - https:\/\/yoast.com\/product\/yoast-seo-wordpress\/ -->\n<title>Normativa nazionale in tema di accreditamento e valutazione ~ UNIPI<\/title>\n<meta name=\"robots\" content=\"index, follow, max-snippet:-1, max-image-preview:large, max-video-preview:-1\" \/>\n<link rel=\"canonical\" href=\"https:\/\/www.unipi.it\/en\/about-us\/quality-and-assessment\/normativa-nazionale-in-tema-di-accreditamento-e-valutazione\/\" \/>\n<meta property=\"og:locale\" content=\"en_US\" \/>\n<meta property=\"og:type\" content=\"article\" \/>\n<meta property=\"og:title\" content=\"Normativa nazionale in tema di accreditamento e valutazione ~ UNIPI\" \/>\n<meta property=\"og:url\" content=\"https:\/\/www.unipi.it\/en\/about-us\/quality-and-assessment\/normativa-nazionale-in-tema-di-accreditamento-e-valutazione\/\" \/>\n<meta property=\"og:site_name\" content=\"UNIPI\" \/>\n<meta property=\"article:publisher\" content=\"https:\/\/www.facebook.com\/unipisaofficial\/\" \/>\n<meta property=\"article:modified_time\" content=\"2025-11-17T12:28:26+00:00\" \/>\n<meta name=\"twitter:card\" content=\"summary_large_image\" \/>\n<meta name=\"twitter:label1\" content=\"Est. reading time\" \/>\n\t<meta name=\"twitter:data1\" content=\"5 minutes\" \/>\n<script type=\"application\/ld+json\" class=\"yoast-schema-graph\">{\"@context\":\"https:\/\/schema.org\",\"@graph\":[{\"@type\":\"WebPage\",\"@id\":\"https:\/\/www.unipi.it\/en\/about-us\/quality-and-assessment\/normativa-nazionale-in-tema-di-accreditamento-e-valutazione\/\",\"url\":\"https:\/\/www.unipi.it\/en\/about-us\/quality-and-assessment\/normativa-nazionale-in-tema-di-accreditamento-e-valutazione\/\",\"name\":\"Normativa nazionale in tema di accreditamento e valutazione ~ UNIPI\",\"isPartOf\":{\"@id\":\"https:\/\/www.unipi.it\/en\/#website\"},\"datePublished\":\"2025-05-09T12:02:33+00:00\",\"dateModified\":\"2025-11-17T12:28:26+00:00\",\"breadcrumb\":{\"@id\":\"https:\/\/www.unipi.it\/en\/about-us\/quality-and-assessment\/normativa-nazionale-in-tema-di-accreditamento-e-valutazione\/#breadcrumb\"},\"inLanguage\":\"en-US\",\"potentialAction\":[{\"@type\":\"ReadAction\",\"target\":[\"https:\/\/www.unipi.it\/en\/about-us\/quality-and-assessment\/normativa-nazionale-in-tema-di-accreditamento-e-valutazione\/\"]}]},{\"@type\":\"BreadcrumbList\",\"@id\":\"https:\/\/www.unipi.it\/en\/about-us\/quality-and-assessment\/normativa-nazionale-in-tema-di-accreditamento-e-valutazione\/#breadcrumb\",\"itemListElement\":[{\"@type\":\"ListItem\",\"position\":1,\"name\":\"\",\"item\":\"https:\/\/www.unipi.it\/en\/home\/\"},{\"@type\":\"ListItem\",\"position\":2,\"name\":\"About Us\",\"item\":\"https:\/\/www.unipi.it\/en\/about-us\/\"},{\"@type\":\"ListItem\",\"position\":3,\"name\":\"Quality and Assessment\",\"item\":\"https:\/\/www.unipi.it\/en\/about-us\/quality-and-assessment\/\"},{\"@type\":\"ListItem\",\"position\":4,\"name\":\"Normativa nazionale in tema di accreditamento e valutazione\"}]},{\"@type\":\"WebSite\",\"@id\":\"https:\/\/www.unipi.it\/en\/#website\",\"url\":\"https:\/\/www.unipi.it\/en\/\",\"name\":\"UNIPI\",\"description\":\"UNIPI\",\"publisher\":{\"@id\":\"https:\/\/www.unipi.it\/en\/#organization\"},\"potentialAction\":[{\"@type\":\"SearchAction\",\"target\":{\"@type\":\"EntryPoint\",\"urlTemplate\":\"https:\/\/www.unipi.it\/en\/?s={search_term_string}\"},\"query-input\":{\"@type\":\"PropertyValueSpecification\",\"valueRequired\":true,\"valueName\":\"search_term_string\"}}],\"inLanguage\":\"en-US\"},{\"@type\":\"Organization\",\"@id\":\"https:\/\/www.unipi.it\/en\/#organization\",\"name\":\"UNIPI\",\"url\":\"https:\/\/www.unipi.it\/en\/\",\"logo\":{\"@type\":\"ImageObject\",\"inLanguage\":\"en-US\",\"@id\":\"https:\/\/www.unipi.it\/en\/#\/schema\/logo\/image\/\",\"url\":\"https:\/\/www.unipi.it\/wp-content\/uploads\/Raggruppa-3020.svg\",\"contentUrl\":\"https:\/\/www.unipi.it\/wp-content\/uploads\/Raggruppa-3020.svg\",\"width\":176,\"height\":64,\"caption\":\"UNIPI\"},\"image\":{\"@id\":\"https:\/\/www.unipi.it\/en\/#\/schema\/logo\/image\/\"},\"sameAs\":[\"https:\/\/www.facebook.com\/unipisaofficial\/\",\"https:\/\/www.instagram.com\/unipisa\/\"]}]}<\/script>\n<!-- \/ Yoast SEO plugin. -->","yoast_head_json":{"title":"Normativa nazionale in tema di accreditamento e valutazione ~ UNIPI","robots":{"index":"index","follow":"follow","max-snippet":"max-snippet:-1","max-image-preview":"max-image-preview:large","max-video-preview":"max-video-preview:-1"},"canonical":"https:\/\/www.unipi.it\/en\/about-us\/quality-and-assessment\/normativa-nazionale-in-tema-di-accreditamento-e-valutazione\/","og_locale":"en_US","og_type":"article","og_title":"Normativa nazionale in tema di accreditamento e valutazione ~ UNIPI","og_url":"https:\/\/www.unipi.it\/en\/about-us\/quality-and-assessment\/normativa-nazionale-in-tema-di-accreditamento-e-valutazione\/","og_site_name":"UNIPI","article_publisher":"https:\/\/www.facebook.com\/unipisaofficial\/","article_modified_time":"2025-11-17T12:28:26+00:00","twitter_card":"summary_large_image","twitter_misc":{"Est. reading time":"5 minutes"},"schema":{"@context":"https:\/\/schema.org","@graph":[{"@type":"WebPage","@id":"https:\/\/www.unipi.it\/en\/about-us\/quality-and-assessment\/normativa-nazionale-in-tema-di-accreditamento-e-valutazione\/","url":"https:\/\/www.unipi.it\/en\/about-us\/quality-and-assessment\/normativa-nazionale-in-tema-di-accreditamento-e-valutazione\/","name":"Normativa nazionale in tema di accreditamento e valutazione ~ UNIPI","isPartOf":{"@id":"https:\/\/www.unipi.it\/en\/#website"},"datePublished":"2025-05-09T12:02:33+00:00","dateModified":"2025-11-17T12:28:26+00:00","breadcrumb":{"@id":"https:\/\/www.unipi.it\/en\/about-us\/quality-and-assessment\/normativa-nazionale-in-tema-di-accreditamento-e-valutazione\/#breadcrumb"},"inLanguage":"en-US","potentialAction":[{"@type":"ReadAction","target":["https:\/\/www.unipi.it\/en\/about-us\/quality-and-assessment\/normativa-nazionale-in-tema-di-accreditamento-e-valutazione\/"]}]},{"@type":"BreadcrumbList","@id":"https:\/\/www.unipi.it\/en\/about-us\/quality-and-assessment\/normativa-nazionale-in-tema-di-accreditamento-e-valutazione\/#breadcrumb","itemListElement":[{"@type":"ListItem","position":1,"name":"","item":"https:\/\/www.unipi.it\/en\/home\/"},{"@type":"ListItem","position":2,"name":"About Us","item":"https:\/\/www.unipi.it\/en\/about-us\/"},{"@type":"ListItem","position":3,"name":"Quality and Assessment","item":"https:\/\/www.unipi.it\/en\/about-us\/quality-and-assessment\/"},{"@type":"ListItem","position":4,"name":"Normativa nazionale in tema di accreditamento e valutazione"}]},{"@type":"WebSite","@id":"https:\/\/www.unipi.it\/en\/#website","url":"https:\/\/www.unipi.it\/en\/","name":"UNIPI","description":"UNIPI","publisher":{"@id":"https:\/\/www.unipi.it\/en\/#organization"},"potentialAction":[{"@type":"SearchAction","target":{"@type":"EntryPoint","urlTemplate":"https:\/\/www.unipi.it\/en\/?s={search_term_string}"},"query-input":{"@type":"PropertyValueSpecification","valueRequired":true,"valueName":"search_term_string"}}],"inLanguage":"en-US"},{"@type":"Organization","@id":"https:\/\/www.unipi.it\/en\/#organization","name":"UNIPI","url":"https:\/\/www.unipi.it\/en\/","logo":{"@type":"ImageObject","inLanguage":"en-US","@id":"https:\/\/www.unipi.it\/en\/#\/schema\/logo\/image\/","url":"https:\/\/www.unipi.it\/wp-content\/uploads\/Raggruppa-3020.svg","contentUrl":"https:\/\/www.unipi.it\/wp-content\/uploads\/Raggruppa-3020.svg","width":176,"height":64,"caption":"UNIPI"},"image":{"@id":"https:\/\/www.unipi.it\/en\/#\/schema\/logo\/image\/"},"sameAs":["https:\/\/www.facebook.com\/unipisaofficial\/","https:\/\/www.instagram.com\/unipisa\/"]}]}},"_links":{"self":[{"href":"https:\/\/www.unipi.it\/en\/wp-json\/wp\/v2\/pages\/292559","targetHints":{"allow":["GET"]}}],"collection":[{"href":"https:\/\/www.unipi.it\/en\/wp-json\/wp\/v2\/pages"}],"about":[{"href":"https:\/\/www.unipi.it\/en\/wp-json\/wp\/v2\/types\/page"}],"author":[{"embeddable":true,"href":"https:\/\/www.unipi.it\/en\/wp-json\/wp\/v2\/users\/43"}],"replies":[{"embeddable":true,"href":"https:\/\/www.unipi.it\/en\/wp-json\/wp\/v2\/comments?post=292559"}],"version-history":[{"count":1,"href":"https:\/\/www.unipi.it\/en\/wp-json\/wp\/v2\/pages\/292559\/revisions"}],"predecessor-version":[{"id":292560,"href":"https:\/\/www.unipi.it\/en\/wp-json\/wp\/v2\/pages\/292559\/revisions\/292560"}],"up":[{"embeddable":true,"href":"https:\/\/www.unipi.it\/en\/wp-json\/wp\/v2\/pages\/291956"}],"wp:attachment":[{"href":"https:\/\/www.unipi.it\/en\/wp-json\/wp\/v2\/media?parent=292559"}],"curies":[{"name":"wp","href":"https:\/\/api.w.org\/{rel}","templated":true}]}}