{"id":266769,"date":"2025-09-08T13:52:17","date_gmt":"2025-09-08T11:52:17","guid":{"rendered":"https:\/\/www.unipi.it\/international-students\/joint-degrees\/doppio-titolo-con-universidad-de-malaga\/"},"modified":"2025-10-30T11:24:01","modified_gmt":"2025-10-30T10:24:01","slug":"double-degree-with-universidad-de-malaga","status":"publish","type":"page","link":"https:\/\/www.unipi.it\/en\/international-students\/joint-degrees\/double-degree-with-universidad-de-malaga\/","title":{"rendered":"Double Degree Programme with Universidad de M\u00e1laga (Spain)"},"content":{"rendered":"<ul>\n<li><strong>Type of international programme:<\/strong> Double Degree<\/li>\n<li><strong>Partner university:<\/strong> <a href=\"https:\/\/www.uma.es\/\">Universidad de M\u00e1laga<\/a><\/li>\n<li><strong>Foreign academic qualification: <\/strong><a href=\"https:\/\/www.uma.es\/master-en-ingenieria-informatica\/\">Master Universitario en Ingegneria Inform\u00e1tica<\/a><\/li>\n<li><strong>Available places:<\/strong> 5 outgoing students \/ 5 incoming students<\/li>\n<li><strong>Application deadline:<\/strong> 1 March<\/li>\n<li><strong>Mobility period:<\/strong> second year<\/li>\n<li><strong>Validity of the agreement:<\/strong> 2019 \u2013 2027<\/li>\n<li><strong>Agreement:<\/strong> <a href=\"https:\/\/www.unipi.it\/wp-content\/uploads\/DD-UNIPI_UniversidadMalaga.pdf\">Text of the Agreement<\/a><\/li>\n<\/ul>\n<p>Starting from the academic year 2019\/2020, the Master\u2019s Degree Course in Computer Science at the University of Pisa has established an international Double Degree Programme with the Universidad de M\u00e1laga. This programme allows selected students to obtain both the Master\u2019s Degree in Computer Science from the University of Pisa and the \u201cM\u00e1ster Universitario en Ingenier\u00eda Inform\u00e1tica\u201d from the Universidad de M\u00e1laga.<\/p>\n<p>To obtain the double degree, students enrolled in the Master\u2019s Degree Course in Computer Science at the University of Pisa must spend the second year of the programme in M\u00e1laga, carrying out the training activities specified in the agreement and completing their Master\u2019s Degree thesis.<\/p>\n<h2>Further information and contacts:<\/h2>\n<ul>\n<li><a href=\"https:\/\/didattica.di.unipi.it\/laurea-magistrale-in-informatica\/double-degree-con-malaga\/\">Department of Computer Science<\/a><\/li>\n<li><a href=\"mailto:giuseppe.prencipe@unipi.it\">giuseppe.prencipe@unipi.it<\/a><\/li>\n<li><a href=\"mailto:erasmus@di.unipi.it\">erasmus@di.unipi.it<\/a><\/li>\n<\/ul>\n","protected":false},"excerpt":{"rendered":"<p>Type of international programme: Double Degree Partner university: Universidad de M\u00e1laga Foreign academic qualification: Master Universitario en Ingegneria Inform\u00e1tica Available places: 5 outgoing students \/ 5 incoming students Application deadline: 1 March Mobility period: second year Validity of the agreement: 2019 \u2013 2027 Agreement: Text of the Agreement Starting from the academic year 2019\/2020, the [&hellip;]<\/p>\n","protected":false},"author":51,"featured_media":0,"parent":51345,"menu_order":25,"comment_status":"closed","ping_status":"closed","template":"default-template.php","meta":{"footnotes":""},"class_list":["post-266769","page","type-page","status-publish","hentry"],"yoast_head":"<!-- This site is optimized with the Yoast SEO plugin v27.0 - https:\/\/yoast.com\/product\/yoast-seo-wordpress\/ -->\n<title>Double Degree Programme with Universidad de M\u00e1laga (Spain) ~ UNIPI<\/title>\n<meta name=\"robots\" content=\"index, follow, max-snippet:-1, max-image-preview:large, max-video-preview:-1\" \/>\n<link rel=\"canonical\" href=\"https:\/\/www.unipi.it\/en\/international-students\/joint-degrees\/double-degree-with-universidad-de-malaga\/\" \/>\n<meta property=\"og:locale\" content=\"en_US\" \/>\n<meta property=\"og:type\" content=\"article\" \/>\n<meta property=\"og:title\" content=\"Double Degree Programme with Universidad de M\u00e1laga (Spain) ~ UNIPI\" \/>\n<meta property=\"og:description\" content=\"Type of international programme: Double Degree Partner university: Universidad de M\u00e1laga Foreign academic qualification: Master Universitario en Ingegneria Inform\u00e1tica Available places: 5 outgoing students \/ 5 incoming students Application deadline: 1 March Mobility period: second year Validity of the agreement: 2019 \u2013 2027 Agreement: Text of the Agreement Starting from the academic year 2019\/2020, the [&hellip;]\" \/>\n<meta property=\"og:url\" content=\"https:\/\/www.unipi.it\/en\/international-students\/joint-degrees\/double-degree-with-universidad-de-malaga\/\" \/>\n<meta property=\"og:site_name\" content=\"UNIPI\" \/>\n<meta property=\"article:publisher\" content=\"https:\/\/www.facebook.com\/unipisaofficial\/\" \/>\n<meta property=\"article:modified_time\" content=\"2025-10-30T10:24:01+00:00\" \/>\n<meta name=\"twitter:card\" content=\"summary_large_image\" \/>\n<meta name=\"twitter:label1\" content=\"Est. reading time\" \/>\n\t<meta name=\"twitter:data1\" content=\"1 minute\" \/>\n<script type=\"application\/ld+json\" class=\"yoast-schema-graph\">{\"@context\":\"https:\/\/schema.org\",\"@graph\":[{\"@type\":\"WebPage\",\"@id\":\"https:\/\/www.unipi.it\/en\/international-students\/joint-degrees\/double-degree-with-universidad-de-malaga\/\",\"url\":\"https:\/\/www.unipi.it\/en\/international-students\/joint-degrees\/double-degree-with-universidad-de-malaga\/\",\"name\":\"Double Degree Programme with Universidad de M\u00e1laga (Spain) ~ UNIPI\",\"isPartOf\":{\"@id\":\"https:\/\/www.unipi.it\/en\/#website\"},\"datePublished\":\"2025-09-08T11:52:17+00:00\",\"dateModified\":\"2025-10-30T10:24:01+00:00\",\"breadcrumb\":{\"@id\":\"https:\/\/www.unipi.it\/en\/international-students\/joint-degrees\/double-degree-with-universidad-de-malaga\/#breadcrumb\"},\"inLanguage\":\"en-US\",\"potentialAction\":[{\"@type\":\"ReadAction\",\"target\":[\"https:\/\/www.unipi.it\/en\/international-students\/joint-degrees\/double-degree-with-universidad-de-malaga\/\"]}]},{\"@type\":\"BreadcrumbList\",\"@id\":\"https:\/\/www.unipi.it\/en\/international-students\/joint-degrees\/double-degree-with-universidad-de-malaga\/#breadcrumb\",\"itemListElement\":[{\"@type\":\"ListItem\",\"position\":1,\"name\":\"\",\"item\":\"https:\/\/www.unipi.it\/en\/home\/\"},{\"@type\":\"ListItem\",\"position\":2,\"name\":\"International students\",\"item\":\"https:\/\/www.unipi.it\/en\/international-students\/\"},{\"@type\":\"ListItem\",\"position\":3,\"name\":\"Joint Degrees\",\"item\":\"https:\/\/www.unipi.it\/en\/international-students\/joint-degrees\/\"},{\"@type\":\"ListItem\",\"position\":4,\"name\":\"Double Degree Programme with Universidad de M\u00e1laga (Spain)\"}]},{\"@type\":\"WebSite\",\"@id\":\"https:\/\/www.unipi.it\/en\/#website\",\"url\":\"https:\/\/www.unipi.it\/en\/\",\"name\":\"UNIPI\",\"description\":\"UNIPI\",\"publisher\":{\"@id\":\"https:\/\/www.unipi.it\/en\/#organization\"},\"potentialAction\":[{\"@type\":\"SearchAction\",\"target\":{\"@type\":\"EntryPoint\",\"urlTemplate\":\"https:\/\/www.unipi.it\/en\/?s={search_term_string}\"},\"query-input\":{\"@type\":\"PropertyValueSpecification\",\"valueRequired\":true,\"valueName\":\"search_term_string\"}}],\"inLanguage\":\"en-US\"},{\"@type\":\"Organization\",\"@id\":\"https:\/\/www.unipi.it\/en\/#organization\",\"name\":\"UNIPI\",\"url\":\"https:\/\/www.unipi.it\/en\/\",\"logo\":{\"@type\":\"ImageObject\",\"inLanguage\":\"en-US\",\"@id\":\"https:\/\/www.unipi.it\/en\/#\/schema\/logo\/image\/\",\"url\":\"https:\/\/www.unipi.it\/wp-content\/uploads\/Raggruppa-3020.svg\",\"contentUrl\":\"https:\/\/www.unipi.it\/wp-content\/uploads\/Raggruppa-3020.svg\",\"width\":176,\"height\":64,\"caption\":\"UNIPI\"},\"image\":{\"@id\":\"https:\/\/www.unipi.it\/en\/#\/schema\/logo\/image\/\"},\"sameAs\":[\"https:\/\/www.facebook.com\/unipisaofficial\/\",\"https:\/\/www.instagram.com\/unipisa\/\"]}]}<\/script>\n<!-- \/ Yoast SEO plugin. -->","yoast_head_json":{"title":"Double Degree Programme with Universidad de M\u00e1laga (Spain) ~ UNIPI","robots":{"index":"index","follow":"follow","max-snippet":"max-snippet:-1","max-image-preview":"max-image-preview:large","max-video-preview":"max-video-preview:-1"},"canonical":"https:\/\/www.unipi.it\/en\/international-students\/joint-degrees\/double-degree-with-universidad-de-malaga\/","og_locale":"en_US","og_type":"article","og_title":"Double Degree Programme with Universidad de M\u00e1laga (Spain) ~ UNIPI","og_description":"Type of international programme: Double Degree Partner university: Universidad de M\u00e1laga Foreign academic qualification: Master Universitario en Ingegneria Inform\u00e1tica Available places: 5 outgoing students \/ 5 incoming students Application deadline: 1 March Mobility period: second year Validity of the agreement: 2019 \u2013 2027 Agreement: Text of the Agreement Starting from the academic year 2019\/2020, the [&hellip;]","og_url":"https:\/\/www.unipi.it\/en\/international-students\/joint-degrees\/double-degree-with-universidad-de-malaga\/","og_site_name":"UNIPI","article_publisher":"https:\/\/www.facebook.com\/unipisaofficial\/","article_modified_time":"2025-10-30T10:24:01+00:00","twitter_card":"summary_large_image","twitter_misc":{"Est. reading time":"1 minute"},"schema":{"@context":"https:\/\/schema.org","@graph":[{"@type":"WebPage","@id":"https:\/\/www.unipi.it\/en\/international-students\/joint-degrees\/double-degree-with-universidad-de-malaga\/","url":"https:\/\/www.unipi.it\/en\/international-students\/joint-degrees\/double-degree-with-universidad-de-malaga\/","name":"Double Degree Programme with Universidad de M\u00e1laga (Spain) ~ UNIPI","isPartOf":{"@id":"https:\/\/www.unipi.it\/en\/#website"},"datePublished":"2025-09-08T11:52:17+00:00","dateModified":"2025-10-30T10:24:01+00:00","breadcrumb":{"@id":"https:\/\/www.unipi.it\/en\/international-students\/joint-degrees\/double-degree-with-universidad-de-malaga\/#breadcrumb"},"inLanguage":"en-US","potentialAction":[{"@type":"ReadAction","target":["https:\/\/www.unipi.it\/en\/international-students\/joint-degrees\/double-degree-with-universidad-de-malaga\/"]}]},{"@type":"BreadcrumbList","@id":"https:\/\/www.unipi.it\/en\/international-students\/joint-degrees\/double-degree-with-universidad-de-malaga\/#breadcrumb","itemListElement":[{"@type":"ListItem","position":1,"name":"","item":"https:\/\/www.unipi.it\/en\/home\/"},{"@type":"ListItem","position":2,"name":"International students","item":"https:\/\/www.unipi.it\/en\/international-students\/"},{"@type":"ListItem","position":3,"name":"Joint Degrees","item":"https:\/\/www.unipi.it\/en\/international-students\/joint-degrees\/"},{"@type":"ListItem","position":4,"name":"Double Degree Programme with Universidad de M\u00e1laga (Spain)"}]},{"@type":"WebSite","@id":"https:\/\/www.unipi.it\/en\/#website","url":"https:\/\/www.unipi.it\/en\/","name":"UNIPI","description":"UNIPI","publisher":{"@id":"https:\/\/www.unipi.it\/en\/#organization"},"potentialAction":[{"@type":"SearchAction","target":{"@type":"EntryPoint","urlTemplate":"https:\/\/www.unipi.it\/en\/?s={search_term_string}"},"query-input":{"@type":"PropertyValueSpecification","valueRequired":true,"valueName":"search_term_string"}}],"inLanguage":"en-US"},{"@type":"Organization","@id":"https:\/\/www.unipi.it\/en\/#organization","name":"UNIPI","url":"https:\/\/www.unipi.it\/en\/","logo":{"@type":"ImageObject","inLanguage":"en-US","@id":"https:\/\/www.unipi.it\/en\/#\/schema\/logo\/image\/","url":"https:\/\/www.unipi.it\/wp-content\/uploads\/Raggruppa-3020.svg","contentUrl":"https:\/\/www.unipi.it\/wp-content\/uploads\/Raggruppa-3020.svg","width":176,"height":64,"caption":"UNIPI"},"image":{"@id":"https:\/\/www.unipi.it\/en\/#\/schema\/logo\/image\/"},"sameAs":["https:\/\/www.facebook.com\/unipisaofficial\/","https:\/\/www.instagram.com\/unipisa\/"]}]}},"_links":{"self":[{"href":"https:\/\/www.unipi.it\/en\/wp-json\/wp\/v2\/pages\/266769","targetHints":{"allow":["GET"]}}],"collection":[{"href":"https:\/\/www.unipi.it\/en\/wp-json\/wp\/v2\/pages"}],"about":[{"href":"https:\/\/www.unipi.it\/en\/wp-json\/wp\/v2\/types\/page"}],"author":[{"embeddable":true,"href":"https:\/\/www.unipi.it\/en\/wp-json\/wp\/v2\/users\/51"}],"replies":[{"embeddable":true,"href":"https:\/\/www.unipi.it\/en\/wp-json\/wp\/v2\/comments?post=266769"}],"version-history":[{"count":2,"href":"https:\/\/www.unipi.it\/en\/wp-json\/wp\/v2\/pages\/266769\/revisions"}],"predecessor-version":[{"id":266771,"href":"https:\/\/www.unipi.it\/en\/wp-json\/wp\/v2\/pages\/266769\/revisions\/266771"}],"up":[{"embeddable":true,"href":"https:\/\/www.unipi.it\/en\/wp-json\/wp\/v2\/pages\/51345"}],"wp:attachment":[{"href":"https:\/\/www.unipi.it\/en\/wp-json\/wp\/v2\/media?parent=266769"}],"curies":[{"name":"wp","href":"https:\/\/api.w.org\/{rel}","templated":true}]}}