{"id":265344,"date":"2025-09-05T12:11:11","date_gmt":"2025-09-05T10:11:11","guid":{"rendered":"https:\/\/www.unipi.it\/international-students\/joint-degrees\/doppio-titolo-con-aix-marseille-universite-traduction-interpretation\/"},"modified":"2025-10-29T09:40:02","modified_gmt":"2025-10-29T08:40:02","slug":"double-degree-with-aix-marseille-universite-traduction-interpretation","status":"publish","type":"page","link":"https:\/\/www.unipi.it\/en\/international-students\/joint-degrees\/double-degree-with-aix-marseille-universite-traduction-interpretation\/","title":{"rendered":"Double Degree Programme with Aix-Marseille Universit\u00e9 (France)"},"content":{"rendered":"<ul>\n<li><strong>Type of international programme:<\/strong>\u00a0Double Degree<\/li>\n<li><strong>Partner university:<\/strong> <a href=\"https:\/\/www.univ-amu.fr\/\">Aix-Marseille Universit\u00e9<\/a><\/li>\n<li><strong>Foreign academic qualification:<\/strong> <a href=\"https:\/\/allsh.univ-amu.fr\/fr\/formation\/masters\/master-traduction-interpretation\/parcours-traduction-litteraire\">Master Traduction et interpr\u00e9tation &#8211; parcours Traduction litt\u00e9raire<\/a><\/li>\n<li><strong>Available places:<\/strong> 3 outgoing students \/ 3 incoming students<\/li>\n<li><strong>Application period:<\/strong> first year<\/li>\n<li><strong>Mobility period:<\/strong> second year<\/li>\n<li><strong>Validity of the agreement:<\/strong> 2022 \u2013 2028<\/li>\n<li><strong>Agreement:<\/strong> <a href=\"https:\/\/www.unipi.it\/wp-content\/uploads\/DD_UNIPI_AixMarseille.pdf\">Text of the Agreement<\/a><\/li>\n<\/ul>\n<p>Starting from the academic year 2014\/2015, the Master\u2019s Degree Course in Linguistics and Translation at the University of Pisa has established a Double Degree Programme with Aix-Marseille Universit\u00e9 for the curriculum \u201cTraduction \u2013 Sp\u00e9cialit\u00e9 Traduction Litt\u00e9raire et Interculturalit\u00e9\u201d.<\/p>\n<p>To obtain the double degree, students enrolled in the Master\u2019s Degree Course in Linguistics and Translation at the University of Pisa must spend the first and second semesters of the second year at Aix-Marseille Universit\u00e9 in Aix-en-Provence, where they will carry out training and research activities aimed at completing their Master\u2019s Degree thesis.<\/p>\n<h2>Further information and contacts:<\/h2>\n<ul>\n<li><a href=\"https:\/\/www.fileli.unipi.it\/internazionale\/convenzioni-internazionali\/doppio-diploma-aix-marseille\/\">Department of Philology, Literature and Linguistics<\/a><\/li>\n<li><a href=\"mailto:antonietta.sanna@unipi.it\">antonietta.sanna@unipi.it<\/a><\/li>\n<li><a href=\"mailto:gloria.penso@unipi.it\">gloria.penso@unipi.it<\/a><\/li>\n<\/ul>\n","protected":false},"excerpt":{"rendered":"<p>Type of international programme:\u00a0Double Degree Partner university: Aix-Marseille Universit\u00e9 Foreign academic qualification: Master Traduction et interpr\u00e9tation &#8211; parcours Traduction litt\u00e9raire Available places: 3 outgoing students \/ 3 incoming students Application period: first year Mobility period: second year Validity of the agreement: 2022 \u2013 2028 Agreement: Text of the Agreement Starting from the academic year 2014\/2015, [&hellip;]<\/p>\n","protected":false},"author":51,"featured_media":0,"parent":51345,"menu_order":6,"comment_status":"closed","ping_status":"closed","template":"default-template.php","meta":{"footnotes":""},"class_list":["post-265344","page","type-page","status-publish","hentry"],"yoast_head":"<!-- This site is optimized with the Yoast SEO plugin v27.0 - https:\/\/yoast.com\/product\/yoast-seo-wordpress\/ -->\n<title>Double Degree Programme with Aix-Marseille Universit\u00e9 (France) ~ UNIPI<\/title>\n<meta name=\"robots\" content=\"index, follow, max-snippet:-1, max-image-preview:large, max-video-preview:-1\" \/>\n<link rel=\"canonical\" href=\"https:\/\/www.unipi.it\/en\/international-students\/joint-degrees\/double-degree-with-aix-marseille-universite-traduction-interpretation\/\" \/>\n<meta property=\"og:locale\" content=\"en_US\" \/>\n<meta property=\"og:type\" content=\"article\" \/>\n<meta property=\"og:title\" content=\"Double Degree Programme with Aix-Marseille Universit\u00e9 (France) ~ UNIPI\" \/>\n<meta property=\"og:description\" content=\"Type of international programme:\u00a0Double Degree Partner university: Aix-Marseille Universit\u00e9 Foreign academic qualification: Master Traduction et interpr\u00e9tation &#8211; parcours Traduction litt\u00e9raire Available places: 3 outgoing students \/ 3 incoming students Application period: first year Mobility period: second year Validity of the agreement: 2022 \u2013 2028 Agreement: Text of the Agreement Starting from the academic year 2014\/2015, [&hellip;]\" \/>\n<meta property=\"og:url\" content=\"https:\/\/www.unipi.it\/en\/international-students\/joint-degrees\/double-degree-with-aix-marseille-universite-traduction-interpretation\/\" \/>\n<meta property=\"og:site_name\" content=\"UNIPI\" \/>\n<meta property=\"article:publisher\" content=\"https:\/\/www.facebook.com\/unipisaofficial\/\" \/>\n<meta property=\"article:modified_time\" content=\"2025-10-29T08:40:02+00:00\" \/>\n<meta name=\"twitter:card\" content=\"summary_large_image\" \/>\n<meta name=\"twitter:label1\" content=\"Est. reading time\" \/>\n\t<meta name=\"twitter:data1\" content=\"1 minute\" \/>\n<script type=\"application\/ld+json\" class=\"yoast-schema-graph\">{\"@context\":\"https:\/\/schema.org\",\"@graph\":[{\"@type\":\"WebPage\",\"@id\":\"https:\/\/www.unipi.it\/en\/international-students\/joint-degrees\/double-degree-with-aix-marseille-universite-traduction-interpretation\/\",\"url\":\"https:\/\/www.unipi.it\/en\/international-students\/joint-degrees\/double-degree-with-aix-marseille-universite-traduction-interpretation\/\",\"name\":\"Double Degree Programme with Aix-Marseille Universit\u00e9 (France) ~ UNIPI\",\"isPartOf\":{\"@id\":\"https:\/\/www.unipi.it\/en\/#website\"},\"datePublished\":\"2025-09-05T10:11:11+00:00\",\"dateModified\":\"2025-10-29T08:40:02+00:00\",\"breadcrumb\":{\"@id\":\"https:\/\/www.unipi.it\/en\/international-students\/joint-degrees\/double-degree-with-aix-marseille-universite-traduction-interpretation\/#breadcrumb\"},\"inLanguage\":\"en-US\",\"potentialAction\":[{\"@type\":\"ReadAction\",\"target\":[\"https:\/\/www.unipi.it\/en\/international-students\/joint-degrees\/double-degree-with-aix-marseille-universite-traduction-interpretation\/\"]}]},{\"@type\":\"BreadcrumbList\",\"@id\":\"https:\/\/www.unipi.it\/en\/international-students\/joint-degrees\/double-degree-with-aix-marseille-universite-traduction-interpretation\/#breadcrumb\",\"itemListElement\":[{\"@type\":\"ListItem\",\"position\":1,\"name\":\"\",\"item\":\"https:\/\/www.unipi.it\/en\/home\/\"},{\"@type\":\"ListItem\",\"position\":2,\"name\":\"International students\",\"item\":\"https:\/\/www.unipi.it\/en\/international-students\/\"},{\"@type\":\"ListItem\",\"position\":3,\"name\":\"Joint Degrees\",\"item\":\"https:\/\/www.unipi.it\/en\/international-students\/joint-degrees\/\"},{\"@type\":\"ListItem\",\"position\":4,\"name\":\"Double Degree Programme with Aix-Marseille Universit\u00e9 (France)\"}]},{\"@type\":\"WebSite\",\"@id\":\"https:\/\/www.unipi.it\/en\/#website\",\"url\":\"https:\/\/www.unipi.it\/en\/\",\"name\":\"UNIPI\",\"description\":\"UNIPI\",\"publisher\":{\"@id\":\"https:\/\/www.unipi.it\/en\/#organization\"},\"potentialAction\":[{\"@type\":\"SearchAction\",\"target\":{\"@type\":\"EntryPoint\",\"urlTemplate\":\"https:\/\/www.unipi.it\/en\/?s={search_term_string}\"},\"query-input\":{\"@type\":\"PropertyValueSpecification\",\"valueRequired\":true,\"valueName\":\"search_term_string\"}}],\"inLanguage\":\"en-US\"},{\"@type\":\"Organization\",\"@id\":\"https:\/\/www.unipi.it\/en\/#organization\",\"name\":\"UNIPI\",\"url\":\"https:\/\/www.unipi.it\/en\/\",\"logo\":{\"@type\":\"ImageObject\",\"inLanguage\":\"en-US\",\"@id\":\"https:\/\/www.unipi.it\/en\/#\/schema\/logo\/image\/\",\"url\":\"https:\/\/www.unipi.it\/wp-content\/uploads\/Raggruppa-3020.svg\",\"contentUrl\":\"https:\/\/www.unipi.it\/wp-content\/uploads\/Raggruppa-3020.svg\",\"width\":176,\"height\":64,\"caption\":\"UNIPI\"},\"image\":{\"@id\":\"https:\/\/www.unipi.it\/en\/#\/schema\/logo\/image\/\"},\"sameAs\":[\"https:\/\/www.facebook.com\/unipisaofficial\/\",\"https:\/\/www.instagram.com\/unipisa\/\"]}]}<\/script>\n<!-- \/ Yoast SEO plugin. -->","yoast_head_json":{"title":"Double Degree Programme with Aix-Marseille Universit\u00e9 (France) ~ UNIPI","robots":{"index":"index","follow":"follow","max-snippet":"max-snippet:-1","max-image-preview":"max-image-preview:large","max-video-preview":"max-video-preview:-1"},"canonical":"https:\/\/www.unipi.it\/en\/international-students\/joint-degrees\/double-degree-with-aix-marseille-universite-traduction-interpretation\/","og_locale":"en_US","og_type":"article","og_title":"Double Degree Programme with Aix-Marseille Universit\u00e9 (France) ~ UNIPI","og_description":"Type of international programme:\u00a0Double Degree Partner university: Aix-Marseille Universit\u00e9 Foreign academic qualification: Master Traduction et interpr\u00e9tation &#8211; parcours Traduction litt\u00e9raire Available places: 3 outgoing students \/ 3 incoming students Application period: first year Mobility period: second year Validity of the agreement: 2022 \u2013 2028 Agreement: Text of the Agreement Starting from the academic year 2014\/2015, [&hellip;]","og_url":"https:\/\/www.unipi.it\/en\/international-students\/joint-degrees\/double-degree-with-aix-marseille-universite-traduction-interpretation\/","og_site_name":"UNIPI","article_publisher":"https:\/\/www.facebook.com\/unipisaofficial\/","article_modified_time":"2025-10-29T08:40:02+00:00","twitter_card":"summary_large_image","twitter_misc":{"Est. reading time":"1 minute"},"schema":{"@context":"https:\/\/schema.org","@graph":[{"@type":"WebPage","@id":"https:\/\/www.unipi.it\/en\/international-students\/joint-degrees\/double-degree-with-aix-marseille-universite-traduction-interpretation\/","url":"https:\/\/www.unipi.it\/en\/international-students\/joint-degrees\/double-degree-with-aix-marseille-universite-traduction-interpretation\/","name":"Double Degree Programme with Aix-Marseille Universit\u00e9 (France) ~ UNIPI","isPartOf":{"@id":"https:\/\/www.unipi.it\/en\/#website"},"datePublished":"2025-09-05T10:11:11+00:00","dateModified":"2025-10-29T08:40:02+00:00","breadcrumb":{"@id":"https:\/\/www.unipi.it\/en\/international-students\/joint-degrees\/double-degree-with-aix-marseille-universite-traduction-interpretation\/#breadcrumb"},"inLanguage":"en-US","potentialAction":[{"@type":"ReadAction","target":["https:\/\/www.unipi.it\/en\/international-students\/joint-degrees\/double-degree-with-aix-marseille-universite-traduction-interpretation\/"]}]},{"@type":"BreadcrumbList","@id":"https:\/\/www.unipi.it\/en\/international-students\/joint-degrees\/double-degree-with-aix-marseille-universite-traduction-interpretation\/#breadcrumb","itemListElement":[{"@type":"ListItem","position":1,"name":"","item":"https:\/\/www.unipi.it\/en\/home\/"},{"@type":"ListItem","position":2,"name":"International students","item":"https:\/\/www.unipi.it\/en\/international-students\/"},{"@type":"ListItem","position":3,"name":"Joint Degrees","item":"https:\/\/www.unipi.it\/en\/international-students\/joint-degrees\/"},{"@type":"ListItem","position":4,"name":"Double Degree Programme with Aix-Marseille Universit\u00e9 (France)"}]},{"@type":"WebSite","@id":"https:\/\/www.unipi.it\/en\/#website","url":"https:\/\/www.unipi.it\/en\/","name":"UNIPI","description":"UNIPI","publisher":{"@id":"https:\/\/www.unipi.it\/en\/#organization"},"potentialAction":[{"@type":"SearchAction","target":{"@type":"EntryPoint","urlTemplate":"https:\/\/www.unipi.it\/en\/?s={search_term_string}"},"query-input":{"@type":"PropertyValueSpecification","valueRequired":true,"valueName":"search_term_string"}}],"inLanguage":"en-US"},{"@type":"Organization","@id":"https:\/\/www.unipi.it\/en\/#organization","name":"UNIPI","url":"https:\/\/www.unipi.it\/en\/","logo":{"@type":"ImageObject","inLanguage":"en-US","@id":"https:\/\/www.unipi.it\/en\/#\/schema\/logo\/image\/","url":"https:\/\/www.unipi.it\/wp-content\/uploads\/Raggruppa-3020.svg","contentUrl":"https:\/\/www.unipi.it\/wp-content\/uploads\/Raggruppa-3020.svg","width":176,"height":64,"caption":"UNIPI"},"image":{"@id":"https:\/\/www.unipi.it\/en\/#\/schema\/logo\/image\/"},"sameAs":["https:\/\/www.facebook.com\/unipisaofficial\/","https:\/\/www.instagram.com\/unipisa\/"]}]}},"_links":{"self":[{"href":"https:\/\/www.unipi.it\/en\/wp-json\/wp\/v2\/pages\/265344","targetHints":{"allow":["GET"]}}],"collection":[{"href":"https:\/\/www.unipi.it\/en\/wp-json\/wp\/v2\/pages"}],"about":[{"href":"https:\/\/www.unipi.it\/en\/wp-json\/wp\/v2\/types\/page"}],"author":[{"embeddable":true,"href":"https:\/\/www.unipi.it\/en\/wp-json\/wp\/v2\/users\/51"}],"replies":[{"embeddable":true,"href":"https:\/\/www.unipi.it\/en\/wp-json\/wp\/v2\/comments?post=265344"}],"version-history":[{"count":2,"href":"https:\/\/www.unipi.it\/en\/wp-json\/wp\/v2\/pages\/265344\/revisions"}],"predecessor-version":[{"id":265347,"href":"https:\/\/www.unipi.it\/en\/wp-json\/wp\/v2\/pages\/265344\/revisions\/265347"}],"up":[{"embeddable":true,"href":"https:\/\/www.unipi.it\/en\/wp-json\/wp\/v2\/pages\/51345"}],"wp:attachment":[{"href":"https:\/\/www.unipi.it\/en\/wp-json\/wp\/v2\/media?parent=265344"}],"curies":[{"name":"wp","href":"https:\/\/api.w.org\/{rel}","templated":true}]}}